{"id":13545,"date":"2024-11-27T16:15:18","date_gmt":"2024-11-27T19:15:18","guid":{"rendered":"http:\/\/rsl.dnsalias.com\/rentas_sanluis\/?page_id=13545"},"modified":"2025-02-21T12:55:06","modified_gmt":"2025-02-21T15:55:06","slug":"reimpresion-tasas-administrativas","status":"publish","type":"page","link":"http:\/\/rsl.dnsalias.com\/rentas_sanluis\/?page_id=13545","title":{"rendered":"Reimpresi\u00f3n tasas administrativas"},"content":{"rendered":"\t\t<div data-elementor-type=\"wp-page\" data-elementor-id=\"13545\" class=\"elementor elementor-13545\" data-elementor-post-type=\"page\">\n\t\t\t\t<div class=\"elementor-element elementor-element-0be9901 e-flex e-con-boxed e-con e-parent\" data-id=\"0be9901\" data-element_type=\"container\" data-e-type=\"container\">\n\t\t\t\t\t<div class=\"e-con-inner\">\n\t\t\t\t<div class=\"elementor-element elementor-element-e5209f4 elementor-hidden-tablet elementor-hidden-mobile elementor-widget elementor-widget-spacer\" data-id=\"e5209f4\" data-element_type=\"widget\" data-e-type=\"widget\" data-widget_type=\"spacer.default\">\n\t\t\t\t<div class=\"elementor-widget-container\">\n\t\t\t\t\t\t\t<div class=\"elementor-spacer\">\n\t\t\t<div class=\"elementor-spacer-inner\"><\/div>\n\t\t<\/div>\n\t\t\t\t\t\t<\/div>\n\t\t\t\t<\/div>\n\t\t\t\t<div class=\"elementor-element elementor-element-eeaf596 elementor-hidden-desktop elementor-widget elementor-widget-spacer\" data-id=\"eeaf596\" data-element_type=\"widget\" data-e-type=\"widget\" data-widget_type=\"spacer.default\">\n\t\t\t\t<div class=\"elementor-widget-container\">\n\t\t\t\t\t\t\t<div class=\"elementor-spacer\">\n\t\t\t<div class=\"elementor-spacer-inner\"><\/div>\n\t\t<\/div>\n\t\t\t\t\t\t<\/div>\n\t\t\t\t<\/div>\n\t\t<div class=\"elementor-element elementor-element-1db5f7e e-con-full e-flex e-con e-child\" data-id=\"1db5f7e\" data-element_type=\"container\" data-e-type=\"container\">\n\t\t\t\t<div class=\"elementor-element elementor-element-5a0aea8 elementor-widget elementor-widget-image\" data-id=\"5a0aea8\" data-element_type=\"widget\" data-e-type=\"widget\" data-widget_type=\"image.default\">\n\t\t\t\t<div class=\"elementor-widget-container\">\n\t\t\t\t\t\t\t\t\t\t\t\t\t\t\t<img fetchpriority=\"high\" decoding=\"async\" width=\"1024\" height=\"49\" src=\"http:\/\/rsl.dnsalias.com\/rentas_sanluis\/wp-content\/uploads\/2025\/02\/REIMPRESION-DE-TASAS-ADMINSITRATIVAS-48-1024x49.png\" class=\"attachment-large size-large wp-image-16880\" alt=\"\" srcset=\"http:\/\/rsl.dnsalias.com\/rentas_sanluis\/wp-content\/uploads\/2025\/02\/REIMPRESION-DE-TASAS-ADMINSITRATIVAS-48-1024x49.png 1024w, http:\/\/rsl.dnsalias.com\/rentas_sanluis\/wp-content\/uploads\/2025\/02\/REIMPRESION-DE-TASAS-ADMINSITRATIVAS-48-300x14.png 300w, http:\/\/rsl.dnsalias.com\/rentas_sanluis\/wp-content\/uploads\/2025\/02\/REIMPRESION-DE-TASAS-ADMINSITRATIVAS-48-768x36.png 768w, http:\/\/rsl.dnsalias.com\/rentas_sanluis\/wp-content\/uploads\/2025\/02\/REIMPRESION-DE-TASAS-ADMINSITRATIVAS-48.png 1221w\" sizes=\"(max-width: 1024px) 100vw, 1024px\" \/>\t\t\t\t\t\t\t\t\t\t\t\t\t\t\t<\/div>\n\t\t\t\t<\/div>\n\t\t\t\t<\/div>\n\t\t\t\t<div class=\"elementor-element elementor-element-0704d5e elementor-hidden-tablet elementor-hidden-mobile elementor-widget elementor-widget-spacer\" data-id=\"0704d5e\" data-element_type=\"widget\" data-e-type=\"widget\" data-widget_type=\"spacer.default\">\n\t\t\t\t<div class=\"elementor-widget-container\">\n\t\t\t\t\t\t\t<div class=\"elementor-spacer\">\n\t\t\t<div class=\"elementor-spacer-inner\"><\/div>\n\t\t<\/div>\n\t\t\t\t\t\t<\/div>\n\t\t\t\t<\/div>\n\t\t\t\t<div class=\"elementor-element elementor-element-8b6395b elementor-hidden-desktop elementor-widget elementor-widget-spacer\" data-id=\"8b6395b\" data-element_type=\"widget\" data-e-type=\"widget\" data-widget_type=\"spacer.default\">\n\t\t\t\t<div class=\"elementor-widget-container\">\n\t\t\t\t\t\t\t<div class=\"elementor-spacer\">\n\t\t\t<div class=\"elementor-spacer-inner\"><\/div>\n\t\t<\/div>\n\t\t\t\t\t\t<\/div>\n\t\t\t\t<\/div>\n\t\t\t\t<div class=\"elementor-element elementor-element-bf4a4a9 elementor-widget elementor-widget-text-editor\" data-id=\"bf4a4a9\" data-element_type=\"widget\" data-e-type=\"widget\" data-widget_type=\"text-editor.default\">\n\t\t\t\t<div class=\"elementor-widget-container\">\n\t\t\t\t\t\t\t\t\t<p>Si usted ya realiz\u00f3 el pago correspondiente y no tiene impresa la Boleta de la Tasa, puede reimprimirla desde esta p\u00e1gina.<br \/>Completando la informaci\u00f3n del ticket de Pago Mis Cuentas que posee.<\/p>\t\t\t\t\t\t\t\t<\/div>\n\t\t\t\t<\/div>\n\t\t\t\t<div class=\"elementor-element elementor-element-7376f0d elementor-align-center elementor-widget elementor-widget-button\" data-id=\"7376f0d\" data-element_type=\"widget\" data-e-type=\"widget\" data-widget_type=\"button.default\">\n\t\t\t\t<div class=\"elementor-widget-container\">\n\t\t\t\t\t\t\t\t\t<div class=\"elementor-button-wrapper\">\n\t\t\t\t\t<a class=\"elementor-button elementor-button-link elementor-size-sm\" href=\"https:\/\/sistematributario.dpip.sanluis.gov.ar\/ords\/clavefiscal\/r\/clfpub\/re-impresion-de-tasa-administrativa?clear=43\" target=\"_blank\">\n\t\t\t\t\t\t<span class=\"elementor-button-content-wrapper\">\n\t\t\t\t\t\t\t\t\t<span class=\"elementor-button-text\">Reimpresi\u00f3n de tasas<\/span>\n\t\t\t\t\t<\/span>\n\t\t\t\t\t<\/a>\n\t\t\t\t<\/div>\n\t\t\t\t\t\t\t\t<\/div>\n\t\t\t\t<\/div>\n\t\t\t\t\t<\/div>\n\t\t\t\t<\/div>\n\t\t\t\t<\/div>\n\t\t","protected":false},"excerpt":{"rendered":"<p>Si usted ya realiz\u00f3 el pago correspondiente y no tiene impresa la Boleta de la Tasa, puede reimprimirla desde esta p\u00e1gina.Completando la informaci\u00f3n del ticket de Pago Mis Cuentas que posee. Reimpresi\u00f3n de tasas<\/p>\n","protected":false},"author":3,"featured_media":0,"parent":0,"menu_order":0,"comment_status":"closed","ping_status":"closed","template":"elementor_header_footer","meta":{"site-sidebar-layout":"no-sidebar","site-content-layout":"page-builder","ast-site-content-layout":"full-width-container","site-content-style":"default","site-sidebar-style":"default","ast-global-header-display":"","ast-banner-title-visibility":"","ast-main-header-display":"","ast-hfb-above-header-display":"","ast-hfb-below-header-display":"","ast-hfb-mobile-header-display":"","site-post-title":"disabled","ast-breadcrumbs-content":"","ast-featured-img":"disabled","footer-sml-layout":"","theme-transparent-header-meta":"","adv-header-id-meta":"","stick-header-meta":"","header-above-stick-meta":"","header-main-stick-meta":"","header-below-stick-meta":"","astra-migrate-meta-layouts":"set","ast-page-background-enabled":"default","ast-page-background-meta":{"desktop":{"background-color":"var(--ast-global-color-4)","background-image":"","background-repeat":"repeat","background-position":"center center","background-size":"auto","background-attachment":"scroll","background-type":"","background-media":"","overlay-type":"","overlay-color":"","overlay-opacity":"","overlay-gradient":""},"tablet":{"background-color":"","background-image":"","background-repeat":"repeat","background-position":"center center","background-size":"auto","background-attachment":"scroll","background-type":"","background-media":"","overlay-type":"","overlay-color":"","overlay-opacity":"","overlay-gradient":""},"mobile":{"background-color":"","background-image":"","background-repeat":"repeat","background-position":"center center","background-size":"auto","background-attachment":"scroll","background-type":"","background-media":"","overlay-type":"","overlay-color":"","overlay-opacity":"","overlay-gradient":""}},"ast-content-background-meta":{"desktop":{"background-color":"var(--ast-global-color-5)","background-image":"","background-repeat":"repeat","background-position":"center center","background-size":"auto","background-attachment":"scroll","background-type":"","background-media":"","overlay-type":"","overlay-color":"","overlay-opacity":"","overlay-gradient":""},"tablet":{"background-color":"var(--ast-global-color-5)","background-image":"","background-repeat":"repeat","background-position":"center center","background-size":"auto","background-attachment":"scroll","background-type":"","background-media":"","overlay-type":"","overlay-color":"","overlay-opacity":"","overlay-gradient":""},"mobile":{"background-color":"var(--ast-global-color-5)","background-image":"","background-repeat":"repeat","background-position":"center center","background-size":"auto","background-attachment":"scroll","background-type":"","background-media":"","overlay-type":"","overlay-color":"","overlay-opacity":"","overlay-gradient":""}},"footnotes":""},"class_list":["post-13545","page","type-page","status-publish","hentry"],"_links":{"self":[{"href":"http:\/\/rsl.dnsalias.com\/rentas_sanluis\/index.php?rest_route=\/wp\/v2\/pages\/13545","targetHints":{"allow":["GET"]}}],"collection":[{"href":"http:\/\/rsl.dnsalias.com\/rentas_sanluis\/index.php?rest_route=\/wp\/v2\/pages"}],"about":[{"href":"http:\/\/rsl.dnsalias.com\/rentas_sanluis\/index.php?rest_route=\/wp\/v2\/types\/page"}],"author":[{"embeddable":true,"href":"http:\/\/rsl.dnsalias.com\/rentas_sanluis\/index.php?rest_route=\/wp\/v2\/users\/3"}],"replies":[{"embeddable":true,"href":"http:\/\/rsl.dnsalias.com\/rentas_sanluis\/index.php?rest_route=%2Fwp%2Fv2%2Fcomments&post=13545"}],"version-history":[{"count":22,"href":"http:\/\/rsl.dnsalias.com\/rentas_sanluis\/index.php?rest_route=\/wp\/v2\/pages\/13545\/revisions"}],"predecessor-version":[{"id":17604,"href":"http:\/\/rsl.dnsalias.com\/rentas_sanluis\/index.php?rest_route=\/wp\/v2\/pages\/13545\/revisions\/17604"}],"wp:attachment":[{"href":"http:\/\/rsl.dnsalias.com\/rentas_sanluis\/index.php?rest_route=%2Fwp%2Fv2%2Fmedia&parent=13545"}],"curies":[{"name":"wp","href":"https:\/\/api.w.org\/{rel}","templated":true}]}}